{"id":4785,"date":"2025-06-05T07:51:01","date_gmt":"2025-06-05T07:51:01","guid":{"rendered":"https:\/\/www.selfiepoint.hu\/?page_id=4785"},"modified":"2025-07-01T17:06:03","modified_gmt":"2025-07-01T17:06:03","slug":"nagy-mennyiseg","status":"publish","type":"page","link":"https:\/\/www.selfiepoint.hu\/en\/nagy-mennyiseg\/","title":{"rendered":"I would buy in large quantities"},"content":{"rendered":"<div data-elementor-type=\"wp-page\" data-elementor-id=\"4785\" class=\"elementor elementor-4785\" data-elementor-post-type=\"page\">\n\t\t\t\t<div class=\"elementor-element elementor-element-cb19a3a e-flex e-con-boxed wpr-particle-no wpr-jarallax-no wpr-parallax-no wpr-sticky-section-no e-con e-parent\" data-id=\"cb19a3a\" data-element_type=\"container\" data-settings=\"{&quot;background_background&quot;:&quot;gradient&quot;,&quot;shape_divider_bottom&quot;:&quot;opacity-tilt&quot;}\">\n\t\t\t\t\t<div class=\"e-con-inner\">\n\t\t\t\t<div class=\"elementor-shape elementor-shape-bottom\" aria-hidden=\"true\" data-negative=\"false\">\n\t\t\t<svg xmlns=\"http:\/\/www.w3.org\/2000\/svg\" viewbox=\"0 0 2600 131.1\" preserveaspectratio=\"none\">\n\t<path class=\"elementor-shape-fill\" d=\"M0 0L2600 0 2600 69.1 0 0z\"\/>\n\t<path class=\"elementor-shape-fill\" style=\"opacity:0.5\" d=\"M0 0L2600 0 2600 69.1 0 69.1z\"\/>\n\t<path class=\"elementor-shape-fill\" style=\"opacity:0.25\" d=\"M2600 0L0 0 0 130.1 2600 69.1z\"\/>\n<\/svg>\t\t<\/div>\n\t\t<div class=\"elementor-element elementor-element-64ca58b e-con-full e-flex wpr-particle-no wpr-jarallax-no wpr-parallax-no wpr-sticky-section-no elementor-invisible e-con e-child\" data-id=\"64ca58b\" data-element_type=\"container\" data-settings=\"{&quot;animation&quot;:&quot;fadeInUp&quot;}\">\n\t\t\t\t<div class=\"elementor-element elementor-element-3d522b2 elementor-widget__width-inherit elementor-widget elementor-widget-image\" data-id=\"3d522b2\" data-element_type=\"widget\" data-widget_type=\"image.default\">\n\t\t\t\t<div class=\"elementor-widget-container\">\n\t\t\t\t\t\t\t\t\t\t\t\t\t\t\t<img fetchpriority=\"high\" decoding=\"async\" width=\"1024\" height=\"154\" src=\"https:\/\/www.selfiepoint.hu\/wp-content\/uploads\/2025\/05\/cropped-Selfie-logo-1.pdf-1-1-1024x154.png\" class=\"attachment-large size-large wp-image-4568\" alt=\"\" srcset=\"https:\/\/www.selfiepoint.hu\/wp-content\/uploads\/2025\/05\/cropped-Selfie-logo-1.pdf-1-1-1024x154.png 1024w, https:\/\/www.selfiepoint.hu\/wp-content\/uploads\/2025\/05\/cropped-Selfie-logo-1.pdf-1-1-600x90.png 600w, https:\/\/www.selfiepoint.hu\/wp-content\/uploads\/2025\/05\/cropped-Selfie-logo-1.pdf-1-1-300x45.png 300w, https:\/\/www.selfiepoint.hu\/wp-content\/uploads\/2025\/05\/cropped-Selfie-logo-1.pdf-1-1-768x115.png 768w, https:\/\/www.selfiepoint.hu\/wp-content\/uploads\/2025\/05\/cropped-Selfie-logo-1.pdf-1-1-1536x231.png 1536w, https:\/\/www.selfiepoint.hu\/wp-content\/uploads\/2025\/05\/cropped-Selfie-logo-1.pdf-1-1-18x3.png 18w, https:\/\/www.selfiepoint.hu\/wp-content\/uploads\/2025\/05\/cropped-Selfie-logo-1.pdf-1-1-311x47.png 311w, https:\/\/www.selfiepoint.hu\/wp-content\/uploads\/2025\/05\/cropped-Selfie-logo-1.pdf-1-1.png 1999w\" sizes=\"(max-width: 1024px) 100vw, 1024px\" \/>\t\t\t\t\t\t\t\t\t\t\t\t\t\t\t<\/div>\n\t\t\t\t<\/div>\n\t\t\t\t<\/div>\n\t\t\t\t\t<\/div>\n\t\t\t\t<\/div>\n\t\t<div class=\"elementor-element elementor-element-ce48bf8 e-flex e-con-boxed wpr-particle-no wpr-jarallax-no wpr-parallax-no wpr-sticky-section-no e-con e-parent\" data-id=\"ce48bf8\" data-element_type=\"container\" data-settings=\"{&quot;background_background&quot;:&quot;gradient&quot;}\">\n\t\t\t\t\t<div class=\"e-con-inner\">\n\t\t<div class=\"elementor-element elementor-element-33565d0 e-con-full e-flex wpr-particle-no wpr-jarallax-no wpr-parallax-no wpr-sticky-section-no e-con e-child\" data-id=\"33565d0\" data-element_type=\"container\">\n\t\t\t\t<div class=\"elementor-element elementor-element-bff8008 elementor-widget elementor-widget-heading\" data-id=\"bff8008\" data-element_type=\"widget\" data-widget_type=\"heading.default\">\n\t\t\t\t<div class=\"elementor-widget-container\">\n\t\t\t\t\t<h6 class=\"elementor-heading-title elementor-size-default\">Contact us today!<\/h6>\t\t\t\t<\/div>\n\t\t\t\t<\/div>\n\t\t\t\t<div class=\"elementor-element elementor-element-5dbbb9a elementor-widget elementor-widget-heading\" data-id=\"5dbbb9a\" data-element_type=\"widget\" data-widget_type=\"heading.default\">\n\t\t\t\t<div class=\"elementor-widget-container\">\n\t\t\t\t\t<h2 class=\"elementor-heading-title elementor-size-default\">Ask for an individual quote!<\/h2>\t\t\t\t<\/div>\n\t\t\t\t<\/div>\n\t\t\t\t<div class=\"elementor-element elementor-element-37e285a elementor-widget elementor-widget-text-editor\" data-id=\"37e285a\" data-element_type=\"widget\" data-widget_type=\"text-editor.default\">\n\t\t\t\t<div class=\"elementor-widget-container\">\n\t\t\t\t\t\t\t\t\t<p>For large orders we provide an individual quote for each customer. Contact us using the form below and we will contact you within 24 hours.<\/p>\t\t\t\t\t\t\t\t<\/div>\n\t\t\t\t<\/div>\n\t\t\t\t<\/div>\n\t\t<div class=\"elementor-element elementor-element-57b33c7 e-con-full e-flex wpr-particle-no wpr-jarallax-no wpr-parallax-no wpr-sticky-section-no e-con e-child\" data-id=\"57b33c7\" data-element_type=\"container\" data-settings=\"{&quot;background_background&quot;:&quot;classic&quot;}\">\n\t\t\t\t<div class=\"elementor-element elementor-element-88a63ad xpro-form-btn--left elementor-widget elementor-widget-wpforms\" data-id=\"88a63ad\" data-element_type=\"widget\" data-widget_type=\"wpforms.default\">\n\t\t\t\t<div class=\"elementor-widget-container\">\n\t\t\t\t\t<div class=\"wpforms-container\" id=\"wpforms-24\"><form id=\"wpforms-form-24\" class=\"wpforms-validate wpforms-form\" data-formid=\"24\" method=\"post\" enctype=\"multipart\/form-data\" action=\"\/en\/wp-json\/wp\/v2\/pages\/4785\" data-token=\"861eaa2a310448e43f68a90ab1655929\" data-token-time=\"1775304828\" data-trp-original-action=\"\/en\/wp-json\/wp\/v2\/pages\/4785\"><noscript class=\"wpforms-error-noscript\">Please enable JavaScript in your browser to complete this form.<\/noscript><div class=\"wpforms-field-container\"><div id=\"wpforms-24-field_0-container\" class=\"wpforms-field wpforms-field-name\" data-field-id=\"0\"><label class=\"wpforms-field-label\" for=\"wpforms-24-field_0\">Full name: <span class=\"wpforms-required-label\">*<\/span><\/label><input type=\"text\" id=\"wpforms-24-field_0\" class=\"wpforms-field-large wpforms-field-required\" name=\"wpforms[fields][0]\" placeholder=\"NAME\" required><\/div><div id=\"wpforms-24-field_4-container\" class=\"wpforms-field wpforms-field-email\" data-field-id=\"4\"><label class=\"wpforms-field-label\" for=\"wpforms-24-field_4\">E-mail address: <span class=\"wpforms-required-label\">*<\/span><\/label><input type=\"email\" id=\"wpforms-24-field_4\" class=\"wpforms-field-large wpforms-field-required\" name=\"wpforms[fields][4]\" placeholder=\"text@text.com\" spellcheck=\"false\" required><\/div><div id=\"wpforms-24-field_6-container\" class=\"wpforms-field wpforms-field-text\" data-field-id=\"6\"><label class=\"wpforms-field-label\" for=\"wpforms-24-field_6\">Settlement:<\/label><input type=\"text\" id=\"wpforms-24-field_6\" class=\"wpforms-field-medium\" name=\"wpforms[fields][6]\" ><\/div><div id=\"wpforms-24-field_7-container\" class=\"wpforms-field wpforms-field-number-slider\" data-field-id=\"7\"><label class=\"wpforms-field-label\" for=\"wpforms-24-field_7\">Quantity desired<\/label>\n<input\n\ttype=\"range\"\n\tid=\"wpforms-24-field_7\" class=\"wpforms-field-medium\" name=\"wpforms[fields][7]\" value=\"0\"\t\tmin=\"0\"\n\tmax=\"10\"\n\tstep=\"1\">\n\n<div class=\"wpforms-field-number-slider-hint\"\n\tdata-hint=\"Darabsz\u00e1m: {value}\">\n\tPiece number: <b>0<\/b><\/div>\n<\/div><div id=\"wpforms-24-field_8-container\" class=\"wpforms-field wpforms-field-radio\" data-field-id=\"8\"><label class=\"wpforms-field-label\">Desired product:<\/label><ul id=\"wpforms-24-field_8\"><li class=\"choice-1 depth-1\"><input type=\"radio\" id=\"wpforms-24-field_8_1\" name=\"wpforms[fields][8]\" value=\"Selfie Point betonozhat\u00f3\"  ><label class=\"wpforms-field-label-inline\" for=\"wpforms-24-field_8_1\">Selfie Point concreting<\/label><\/li><li class=\"choice-2 depth-1\"><input type=\"radio\" id=\"wpforms-24-field_8_2\" name=\"wpforms[fields][8]\" value=\"Selfie Point csavarozhat\u00f3\"  ><label class=\"wpforms-field-label-inline\" for=\"wpforms-24-field_8_2\">Selfie Point screwable<\/label><\/li><\/ul><\/div><div id=\"wpforms-24-field_2-container\" class=\"wpforms-field wpforms-field-textarea\" data-field-id=\"2\"><label class=\"wpforms-field-label wpforms-label-hide\" for=\"wpforms-24-field_2\">Message:<\/label><textarea id=\"wpforms-24-field_2\" class=\"wpforms-field-large\" name=\"wpforms[fields][2]\" placeholder=\"Message location:\" ><\/textarea><\/div><\/div><!-- .wpforms-field-container --><div class=\"wpforms-field wpforms-field-hp\"><label for=\"wpforms-24-field-hp\" class=\"wpforms-field-label\">Name<\/label><input type=\"text\" name=\"wpforms[hp]\" id=\"wpforms-24-field-hp\" class=\"wpforms-field-medium\"><\/div><div class=\"wpforms-submit-container\" ><input type=\"hidden\" name=\"wpforms[id]\" value=\"24\"><input type=\"hidden\" name=\"page_title\" value=\"\"><input type=\"hidden\" name=\"page_url\" value=\"https:\/\/www.selfiepoint.hu\/en\/wp-json\/wp\/v2\/pages\/4785\"><input type=\"hidden\" name=\"url_referer\" value=\"\"><button type=\"submit\" name=\"wpforms[submit]\" id=\"wpforms-submit-24\" class=\"wpforms-submit\" data-alt-text=\"K\u00fcld\u00e9s folyamatban...\" data-submit-text=\"K\u00fcld\u00e9s\" aria-live=\"assertive\" value=\"wpforms-submit\">Send to<\/button><\/div><input type=\"hidden\" name=\"trp-form-language\" value=\"en\"\/><\/form><\/div>  <!-- .wpforms-container -->\t\t\t\t<\/div>\n\t\t\t\t<\/div>\n\t\t\t\t<\/div>\n\t\t\t\t\t<\/div>\n\t\t\t\t<\/div>\n\t\t\t\t<\/div>","protected":false},"excerpt":{"rendered":"<p>\u00cdrjon nek\u00fcnk m\u00e9g ma! K\u00e9rjen egyedi \u00e1raj\u00e1nlatot! Nagy mennyis\u00e9g rendel\u00e9se eset\u00e9n egyedi \u00e1raj\u00e1nlatot biztos\u00edtunk minden \u00fcgyfel\u00fcnknek. Vegye fel vel\u00fcnk a kapcsolatot az \u0171rlap seg\u00edts\u00e9g\u00e9vel \u00e9s koll\u00e9g\u00e1nk 24 \u00f3r\u00e1n bel\u00fcl felveszi \u00d6nnel a kapcsolatot.<\/p>","protected":false},"author":1,"featured_media":0,"parent":0,"menu_order":0,"comment_status":"closed","ping_status":"closed","template":"","meta":{"site-sidebar-layout":"no-sidebar","site-content-layout":"page-builder","ast-site-content-layout":"full-width-container","site-content-style":"default","site-sidebar-style":"default","ast-global-header-display":"","ast-banner-title-visibility":"","ast-main-header-display":"","ast-hfb-above-header-display":"","ast-hfb-below-header-display":"","ast-hfb-mobile-header-display":"","site-post-title":"disabled","ast-breadcrumbs-content":"","ast-featured-img":"disabled","footer-sml-layout":"","theme-transparent-header-meta":"","adv-header-id-meta":"","stick-header-meta":"","header-above-stick-meta":"","header-main-stick-meta":"","header-below-stick-meta":"","astra-migrate-meta-layouts":"set","ast-page-background-enabled":"default","ast-page-background-meta":{"desktop":{"background-color":"","background-image":"","background-repeat":"repeat","background-position":"center center","background-size":"auto","background-attachment":"scroll","background-type":"","background-media":"","overlay-type":"","overlay-color":"","overlay-opacity":"","overlay-gradient":""},"tablet":{"background-color":"","background-image":"","background-repeat":"repeat","background-position":"center center","background-size":"auto","background-attachment":"scroll","background-type":"","background-media":"","overlay-type":"","overlay-color":"","overlay-opacity":"","overlay-gradient":""},"mobile":{"background-color":"","background-image":"","background-repeat":"repeat","background-position":"center center","background-size":"auto","background-attachment":"scroll","background-type":"","background-media":"","overlay-type":"","overlay-color":"","overlay-opacity":"","overlay-gradient":""}},"ast-content-background-meta":{"desktop":{"background-color":"var(--ast-global-color-5)","background-image":"","background-repeat":"repeat","background-position":"center center","background-size":"auto","background-attachment":"scroll","background-type":"","background-media":"","overlay-type":"","overlay-color":"","overlay-opacity":"","overlay-gradient":""},"tablet":{"background-color":"var(--ast-global-color-5)","background-image":"","background-repeat":"repeat","background-position":"center center","background-size":"auto","background-attachment":"scroll","background-type":"","background-media":"","overlay-type":"","overlay-color":"","overlay-opacity":"","overlay-gradient":""},"mobile":{"background-color":"var(--ast-global-color-5)","background-image":"","background-repeat":"repeat","background-position":"center center","background-size":"auto","background-attachment":"scroll","background-type":"","background-media":"","overlay-type":"","overlay-color":"","overlay-opacity":"","overlay-gradient":""}},"footnotes":""},"class_list":["post-4785","page","type-page","status-publish","hentry"],"_links":{"self":[{"href":"https:\/\/www.selfiepoint.hu\/en\/wp-json\/wp\/v2\/pages\/4785","targetHints":{"allow":["GET"]}}],"collection":[{"href":"https:\/\/www.selfiepoint.hu\/en\/wp-json\/wp\/v2\/pages"}],"about":[{"href":"https:\/\/www.selfiepoint.hu\/en\/wp-json\/wp\/v2\/types\/page"}],"author":[{"embeddable":true,"href":"https:\/\/www.selfiepoint.hu\/en\/wp-json\/wp\/v2\/users\/1"}],"replies":[{"embeddable":true,"href":"https:\/\/www.selfiepoint.hu\/en\/wp-json\/wp\/v2\/comments?post=4785"}],"version-history":[{"count":20,"href":"https:\/\/www.selfiepoint.hu\/en\/wp-json\/wp\/v2\/pages\/4785\/revisions"}],"predecessor-version":[{"id":5652,"href":"https:\/\/www.selfiepoint.hu\/en\/wp-json\/wp\/v2\/pages\/4785\/revisions\/5652"}],"wp:attachment":[{"href":"https:\/\/www.selfiepoint.hu\/en\/wp-json\/wp\/v2\/media?parent=4785"}],"curies":[{"name":"wp","href":"https:\/\/api.w.org\/{rel}","templated":true}]}}