{"id":4463,"date":"2025-05-12T08:00:17","date_gmt":"2025-05-12T08:00:17","guid":{"rendered":"https:\/\/www.selfiepoint.hu\/?page_id=4463"},"modified":"2025-06-24T12:52:18","modified_gmt":"2025-06-24T12:52:18","slug":"impresszum","status":"publish","type":"page","link":"https:\/\/www.selfiepoint.hu\/en\/impresszum\/","title":{"rendered":"masthead"},"content":{"rendered":"<div data-elementor-type=\"wp-page\" data-elementor-id=\"4463\" class=\"elementor elementor-4463\" data-elementor-post-type=\"page\">\n\t\t\t\t<div class=\"elementor-element elementor-element-20e595a1 e-flex e-con-boxed wpr-particle-no wpr-jarallax-no wpr-parallax-no wpr-sticky-section-no e-con e-parent\" data-id=\"20e595a1\" data-element_type=\"container\">\n\t\t\t\t\t<div class=\"e-con-inner\">\n\t\t\t\t<div class=\"elementor-element elementor-element-d30e896 elementor-widget elementor-widget-heading\" data-id=\"d30e896\" data-element_type=\"widget\" data-widget_type=\"heading.default\">\n\t\t\t\t<div class=\"elementor-widget-container\">\n\t\t\t\t\t<h2 class=\"elementor-heading-title elementor-size-default\">masthead<\/h2>\t\t\t\t<\/div>\n\t\t\t\t<\/div>\n\t\t\t\t\t<\/div>\n\t\t\t\t<\/div>\n\t\t<div class=\"elementor-element elementor-element-58a422a e-flex e-con-boxed wpr-particle-no wpr-jarallax-no wpr-parallax-no wpr-sticky-section-no e-con e-parent\" data-id=\"58a422a\" data-element_type=\"container\">\n\t\t\t\t\t<div class=\"e-con-inner\">\n\t\t\t\t<div class=\"elementor-element elementor-element-4b4c91d elementor-widget elementor-widget-text-editor\" data-id=\"4b4c91d\" data-element_type=\"widget\" data-widget_type=\"text-editor.default\">\n\t\t\t\t<div class=\"elementor-widget-container\">\n\t\t\t\t\t\t\t\t\t<p class=\"\" data-start=\"123\" data-end=\"465\"><strong data-start=\"123\" data-end=\"134\">Company name:<\/strong> JOC PRINT Limited Liability Company<br data-start=\"175\" data-end=\"178\" \/><strong data-start=\"178\" data-end=\"191\">Seat:<\/strong> 1161 Budapest, J\u00f3zsef utca 61.<br data-start=\"222\" data-end=\"225\" \/><strong data-start=\"225\" data-end=\"244\">Company registration number:<\/strong> 01 09 376306<br data-start=\"257\" data-end=\"260\" \/><strong data-start=\"260\" data-end=\"272\">Tax number:<\/strong> 28922750-2-42<br data-start=\"286\" data-end=\"289\" \/><strong data-start=\"289\" data-end=\"300\">E-mail:<\/strong> <a class=\"cursor-pointer\" rel=\"noopener\" data-start=\"301\" data-end=\"320\">info@selfiepoint.hu<\/a><br data-start=\"320\" data-end=\"323\" \/><strong data-start=\"323\" data-end=\"339\">Phone number:<\/strong> +36 30 149 9895\u00a0<br data-start=\"401\" data-end=\"404\" \/><strong data-start=\"404\" data-end=\"417\">Website:<\/strong> <a class=\"\" href=\"http:\/\/www.selfiepoint.hu\/en\/\" target=\"_new\" rel=\"noopener\" data-start=\"418\" data-end=\"465\" data-is-only-node=\"\">www.selfiepoint.hu<\/a><\/p><h3 class=\"\" data-start=\"467\" data-end=\"488\">1. About our company<\/h3><p class=\"\" data-start=\"489\" data-end=\"863\">A <strong data-start=\"491\" data-end=\"509\">JOC PRINT Ltd.<\/strong> (hereinafter referred to as \"our Company\") is the <strong data-start=\"539\" data-end=\"555\">Selfie Point<\/strong> brand operator, which offers an innovative, easy-to-install tool for taking selfies. We place our products at events, famous places or unique events, ensuring that visitors can easily take quality photos without the need for help from others.<\/p><h3 class=\"\" data-start=\"865\" data-end=\"885\">2. Contact details<\/h3><p class=\"\" data-start=\"886\" data-end=\"988\">Our customer service and contact person are available via the following contact details:<\/p><ul data-start=\"989\" data-end=\"1124\"><li class=\"\" data-start=\"989\" data-end=\"1024\"><p class=\"\" data-start=\"991\" data-end=\"1024\"><strong data-start=\"991\" data-end=\"1002\">E-mail:<\/strong> <a class=\"cursor-pointer\" rel=\"noopener\" data-start=\"1003\" data-end=\"1022\">info@selfiepoint.hu<\/a><\/p><\/li><li class=\"\" data-start=\"1025\" data-end=\"1075\"><p class=\"\" data-start=\"1027\" data-end=\"1075\"><strong data-start=\"1027\" data-end=\"1043\">Phone number:<\/strong> +36 XX XXX XXXX <em data-start=\"1060\" data-end=\"1073\">(fill in the blank)<\/em><\/p><\/li><li class=\"\" data-start=\"1076\" data-end=\"1124\"><p class=\"\" data-start=\"1078\" data-end=\"1124\"><strong data-start=\"1078\" data-end=\"1093\">Postal address:<\/strong> 1161 Budapest, J\u00f3zsef utca 61.<\/p><\/li><\/ul><h3 class=\"\" data-start=\"1126\" data-end=\"1148\">3. Our service<\/h3><p class=\"\" data-start=\"1149\" data-end=\"1418\">Our company offers a unique product designed as a pole that can be placed in concrete or in the ground to allow taking selfies in the busiest locations. In addition, we also provide installation of our products at events, helping to enhance the visitor experience.<\/p><h3 class=\"\" data-start=\"1420\" data-end=\"1463\">4. Registering authority and legal status<\/h3><p class=\"\" data-start=\"1464\" data-end=\"1587\">Our company is <strong data-start=\"1473\" data-end=\"1510\">Budapest General Court Court of Budapest<\/strong> is registered before and is fully compliant with Hungarian law.<\/p><h3 data-start=\"1464\" data-end=\"1587\"><strong data-start=\"765\" data-end=\"795\">5. Details of the service provider:<\/strong><\/h3><p data-start=\"1464\" data-end=\"1587\">T\u00e1rhely.Eu Service Provider Ltd.<br data-start=\"825\" data-end=\"828\" \/>Head office: 1097 Budapest, K\u00f6nyves K\u00e1lm\u00e1n k\u00f6r\u00fat 12-14.<br data-start=\"880\" data-end=\"883\" \/>Company registration number: 01-09-909968<br data-start=\"911\" data-end=\"914\" \/>Tax number: 14571332-2-42<br data-start=\"936\" data-end=\"939\" \/>E-mail: <a class=\"cursor-pointer\" rel=\"noopener\" data-start=\"947\" data-end=\"962\">info@tarhely.eu<\/a><br data-start=\"962\" data-end=\"965\" \/>Website: <a class=\"\" href=\"https:\/\/www.tarhely.eu\" target=\"_new\" rel=\"noopener\" data-start=\"975\" data-end=\"1023\">https:\/\/www.tarhely.eu<\/a><\/p>\t\t\t\t\t\t\t\t<\/div>\n\t\t\t\t<\/div>\n\t\t\t\t\t<\/div>\n\t\t\t\t<\/div>\n\t\t\t\t<\/div>","protected":false},"excerpt":{"rendered":"<p>Impresszum C\u00e9gn\u00e9v: JOC PRINT Korl\u00e1tolt Felel\u0151ss\u00e9g\u0171 T\u00e1rsas\u00e1gSz\u00e9khely: 1161 Budapest, J\u00f3zsef utca 61.C\u00e9gjegyz\u00e9ksz\u00e1m: 01 09 376306Ad\u00f3sz\u00e1m: 28922750-2-42E-mail: info@selfiepoint.huTelefonsz\u00e1m: +36 30 149 9895\u00a0Weboldal: www.selfiepoint.hu 1. T\u00e1rsas\u00e1gunkr\u00f3l A JOC PRINT Kft. (a tov\u00e1bbiakban: &#8222;C\u00e9g\u00fcnk&#8221;) a Selfie Point m\u00e1rka \u00fczemeltet\u0151je, amely egy innovat\u00edv, k\u00f6nnyen telep\u00edthet\u0151 eszk\u00f6zt k\u00edn\u00e1l a szelfik k\u00e9sz\u00edt\u00e9s\u00e9re. A term\u00e9keinket rendezv\u00e9nyeken, h\u00edres helyeken, vagy egyedi esem\u00e9nyeken helyezz\u00fck el, biztos\u00edtva, hogy a l\u00e1togat\u00f3k egyszer\u0171en k\u00e9sz\u00edthessenek min\u0151s\u00e9gi f\u00e9nyk\u00e9peket an\u00e9lk\u00fcl, hogy m\u00e1sok seg\u00edts\u00e9g\u00e9re lenne sz\u00fcks\u00e9g\u00fck. 2. El\u00e9rhet\u0151s\u00e9gek A C\u00e9g\u00fcnk \u00fcgyf\u00e9lszolg\u00e1lata \u00e9s kapcsolattart\u00f3ja az al\u00e1bbi el\u00e9rhet\u0151s\u00e9geken kereszt\u00fcl \u00e1ll rendelkez\u00e9sre: E-mail: info@selfiepoint.hu Telefonsz\u00e1m: +36 XX XXX XXXX (p\u00f3told be) Postai c\u00edm: 1161 Budapest, J\u00f3zsef utca 61. 3. Szolg\u00e1ltat\u00e1sunk C\u00e9g\u00fcnk egyed\u00fcl\u00e1ll\u00f3 term\u00e9ket k\u00edn\u00e1l, melyet betonba vagy f\u00f6ldbe helyezhet\u0151 r\u00fadk\u00e9nt terveztek, hogy lehet\u0151v\u00e9 tegye a szelfik k\u00e9sz\u00edt\u00e9s\u00e9t a legforgalmasabb helysz\u00edneken. Ezen k\u00edv\u00fcl a rendezv\u00e9nyekre is biztos\u00edtjuk a term\u00e9keink telep\u00edt\u00e9s\u00e9t, ezzel seg\u00edtve a l\u00e1togat\u00f3k \u00e9lm\u00e9ny\u00e9t. 4. Nyilv\u00e1ntart\u00f3 hat\u00f3s\u00e1g \u00e9s jogi st\u00e1tusz C\u00e9g\u00fcnk a Budapesti T\u00f6rv\u00e9nysz\u00e9k C\u00e9gb\u00edr\u00f3s\u00e1ga el\u0151tt van bejegyezve, \u00e9s teljes m\u00e9rt\u00e9kben megfelel a magyar jogszab\u00e1lyoknak. 5. T\u00e1rhelyszolg\u00e1ltat\u00f3 adatai: T\u00e1rhely.Eu Szolg\u00e1ltat\u00f3 Kft.Sz\u00e9khely: 1097 Budapest, K\u00f6nyves K\u00e1lm\u00e1n k\u00f6r\u00fat 12-14.C\u00e9gjegyz\u00e9ksz\u00e1m: 01-09-909968Ad\u00f3sz\u00e1m: 14571332-2-42E-mail: info@tarhely.euWeboldal: https:\/\/www.tarhely.eu<\/p>","protected":false},"author":1,"featured_media":0,"parent":0,"menu_order":0,"comment_status":"closed","ping_status":"closed","template":"","meta":{"site-sidebar-layout":"default","site-content-layout":"","ast-site-content-layout":"default","site-content-style":"default","site-sidebar-style":"default","ast-global-header-display":"","ast-banner-title-visibility":"","ast-main-header-display":"","ast-hfb-above-header-display":"","ast-hfb-below-header-display":"","ast-hfb-mobile-header-display":"","site-post-title":"disabled","ast-breadcrumbs-content":"","ast-featured-img":"","footer-sml-layout":"","theme-transparent-header-meta":"","adv-header-id-meta":"","stick-header-meta":"","header-above-stick-meta":"","header-main-stick-meta":"","header-below-stick-meta":"","astra-migrate-meta-layouts":"set","ast-page-background-enabled":"default","ast-page-background-meta":{"desktop":{"background-color":"","background-image":"","background-repeat":"repeat","background-position":"center center","background-size":"auto","background-attachment":"scroll","background-type":"","background-media":"","overlay-type":"","overlay-color":"","overlay-opacity":"","overlay-gradient":""},"tablet":{"background-color":"","background-image":"","background-repeat":"repeat","background-position":"center center","background-size":"auto","background-attachment":"scroll","background-type":"","background-media":"","overlay-type":"","overlay-color":"","overlay-opacity":"","overlay-gradient":""},"mobile":{"background-color":"","background-image":"","background-repeat":"repeat","background-position":"center center","background-size":"auto","background-attachment":"scroll","background-type":"","background-media":"","overlay-type":"","overlay-color":"","overlay-opacity":"","overlay-gradient":""}},"ast-content-background-meta":{"desktop":{"background-color":"var(--ast-global-color-5)","background-image":"","background-repeat":"repeat","background-position":"center center","background-size":"auto","background-attachment":"scroll","background-type":"","background-media":"","overlay-type":"","overlay-color":"","overlay-opacity":"","overlay-gradient":""},"tablet":{"background-color":"var(--ast-global-color-5)","background-image":"","background-repeat":"repeat","background-position":"center center","background-size":"auto","background-attachment":"scroll","background-type":"","background-media":"","overlay-type":"","overlay-color":"","overlay-opacity":"","overlay-gradient":""},"mobile":{"background-color":"var(--ast-global-color-5)","background-image":"","background-repeat":"repeat","background-position":"center center","background-size":"auto","background-attachment":"scroll","background-type":"","background-media":"","overlay-type":"","overlay-color":"","overlay-opacity":"","overlay-gradient":""}},"footnotes":""},"class_list":["post-4463","page","type-page","status-publish","hentry"],"_links":{"self":[{"href":"https:\/\/www.selfiepoint.hu\/en\/wp-json\/wp\/v2\/pages\/4463","targetHints":{"allow":["GET"]}}],"collection":[{"href":"https:\/\/www.selfiepoint.hu\/en\/wp-json\/wp\/v2\/pages"}],"about":[{"href":"https:\/\/www.selfiepoint.hu\/en\/wp-json\/wp\/v2\/types\/page"}],"author":[{"embeddable":true,"href":"https:\/\/www.selfiepoint.hu\/en\/wp-json\/wp\/v2\/users\/1"}],"replies":[{"embeddable":true,"href":"https:\/\/www.selfiepoint.hu\/en\/wp-json\/wp\/v2\/comments?post=4463"}],"version-history":[{"count":7,"href":"https:\/\/www.selfiepoint.hu\/en\/wp-json\/wp\/v2\/pages\/4463\/revisions"}],"predecessor-version":[{"id":5169,"href":"https:\/\/www.selfiepoint.hu\/en\/wp-json\/wp\/v2\/pages\/4463\/revisions\/5169"}],"wp:attachment":[{"href":"https:\/\/www.selfiepoint.hu\/en\/wp-json\/wp\/v2\/media?parent=4463"}],"curies":[{"name":"wp","href":"https:\/\/api.w.org\/{rel}","templated":true}]}}