{"id":10,"date":"2025-05-12T07:49:59","date_gmt":"2025-05-12T07:49:59","guid":{"rendered":"https:\/\/www.selfiepoint.hu\/?page_id=10"},"modified":"2025-06-24T13:06:18","modified_gmt":"2025-06-24T13:06:18","slug":"aszf","status":"publish","type":"page","link":"https:\/\/www.selfiepoint.hu\/en\/aszf\/","title":{"rendered":"GTC"},"content":{"rendered":"<div data-elementor-type=\"wp-page\" data-elementor-id=\"10\" class=\"elementor elementor-10\" data-elementor-post-type=\"page\">\n\t\t\t\t<div class=\"elementor-element elementor-element-20e595a1 e-flex e-con-boxed wpr-particle-no wpr-jarallax-no wpr-parallax-no wpr-sticky-section-no e-con e-parent\" data-id=\"20e595a1\" data-element_type=\"container\">\n\t\t\t\t\t<div class=\"e-con-inner\">\n\t\t\t\t<div class=\"elementor-element elementor-element-d30e896 elementor-widget elementor-widget-heading\" data-id=\"d30e896\" data-element_type=\"widget\" data-widget_type=\"heading.default\">\n\t\t\t\t<div class=\"elementor-widget-container\">\n\t\t\t\t\t<h2 class=\"elementor-heading-title elementor-size-default\">General contractual conditions<\/h2>\t\t\t\t<\/div>\n\t\t\t\t<\/div>\n\t\t\t\t\t<\/div>\n\t\t\t\t<\/div>\n\t\t<div class=\"elementor-element elementor-element-58a422a e-flex e-con-boxed wpr-particle-no wpr-jarallax-no wpr-parallax-no wpr-sticky-section-no e-con e-parent\" data-id=\"58a422a\" data-element_type=\"container\">\n\t\t\t\t\t<div class=\"e-con-inner\">\n\t\t\t\t<div class=\"elementor-element elementor-element-4b4c91d elementor-widget elementor-widget-text-editor\" data-id=\"4b4c91d\" data-element_type=\"widget\" data-widget_type=\"text-editor.default\">\n\t\t\t\t<div class=\"elementor-widget-container\">\n\t\t\t\t\t\t\t\t\t<p data-start=\"255\" data-end=\"287\"><strong data-start=\"255\" data-end=\"287\">Effective: from 12 May 2025<\/strong><\/p>\n<p data-start=\"289\" data-end=\"585\"><strong data-start=\"289\" data-end=\"304\">Operator:<\/strong><br data-start=\"304\" data-end=\"307\"><strong data-start=\"307\" data-end=\"318\">Company name:<\/strong> JOC PRINT Limited Liability Company<br data-start=\"359\" data-end=\"362\"><strong data-start=\"362\" data-end=\"375\">Seat:<\/strong> 1161 Budapest, J\u00f3zsef utca 61.<br data-start=\"406\" data-end=\"409\"><strong data-start=\"409\" data-end=\"428\">Company registration number:<\/strong> 01 09 376306<br data-start=\"441\" data-end=\"444\"><strong data-start=\"444\" data-end=\"456\">Tax number:<\/strong> 28922750-2-42<br data-start=\"470\" data-end=\"473\"><strong data-start=\"473\" data-end=\"484\">E-mail:<\/strong> <a rel=\"noopener\" data-start=\"485\" data-end=\"504\">info@selfiepoint.hu<\/a><br data-start=\"504\" data-end=\"507\"><strong data-start=\"507\" data-end=\"523\">Phone number:<\/strong> +36 XX XXX XXXX <em data-start=\"540\" data-end=\"585\">(insert if you have a public phone number)<\/em><\/p>\n<hr data-start=\"587\" data-end=\"590\">\n<h3 data-start=\"592\" data-end=\"619\">1. Subject of the contract<\/h3>\n<p data-start=\"620\" data-end=\"723\">These General Terms and Conditions apply to the <strong data-start=\"662\" data-end=\"678\">Selfie Point<\/strong> apply to purchases made in an online shop.<\/p>\n<h3 data-start=\"725\" data-end=\"750\">2. Products and prices<\/h3>\n<p data-start=\"751\" data-end=\"899\">The products displayed in the webshop can be ordered online at the gross prices indicated. Prices are in Hungarian forints and include VAT.<\/p>\n<h3 data-start=\"901\" data-end=\"928\">3. Ordering process<\/h3>\n<ul data-start=\"929\" data-end=\"1130\">\n<li data-start=\"929\" data-end=\"1012\">\n<p data-start=\"931\" data-end=\"1012\">By sending the order, the customer declares that he accepts these GTC.<\/p>\n<\/li>\n<li data-start=\"1013\" data-end=\"1083\">\n<p data-start=\"1015\" data-end=\"1083\">Orders are placed electronically, with confirmation by e-mail.<\/p>\n<\/li>\n<li data-start=\"1084\" data-end=\"1130\">\n<p data-start=\"1086\" data-end=\"1130\">The order is subject to payment.<\/p>\n<\/li>\n<\/ul>\n<h3 data-start=\"1132\" data-end=\"1155\">4. Payment methods<\/h3>\n<p data-start=\"1156\" data-end=\"1216\">The customer can choose from the following payment options:<\/p>\n<ul data-start=\"1217\" data-end=\"1286\">\n<li data-start=\"1217\" data-end=\"1271\">\n<p data-start=\"1219\" data-end=\"1271\"><strong data-start=\"1219\" data-end=\"1269\">Online payment by credit card via Stripe<\/strong><\/p>\n<\/li>\n<li data-start=\"1272\" data-end=\"1286\">\n<p data-start=\"1274\" data-end=\"1286\">Advance payment<\/p>\n<\/li>\n<\/ul>\n<p data-start=\"1288\" data-end=\"1423\">Pay online with your credit card <strong data-start=\"1320\" data-end=\"1330\">Stripe<\/strong> on the safe side. The seller does not store your credit card details in any form.<\/p>\n<h3 data-start=\"1425\" data-end=\"1446\">5. Right of withdrawal<\/h3>\n<p data-start=\"1447\" data-end=\"1606\">The customer has the right to withdraw from the contract without giving any reason within 14 days of receipt of the product.<br data-start=\"1549\" data-end=\"1552\">The cost of returning the product is the responsibility of the buyer.<\/p>\n<h3 data-start=\"1608\" data-end=\"1644\">6. Warranty, guarantee<\/h3>\n<p data-start=\"1645\" data-end=\"1725\">The purchaser is entitled to the rights of warranty under the Civil Code.<\/p>\n<h3 data-start=\"1727\" data-end=\"1749\">7. Handling complaints<\/h3>\n<p data-start=\"1750\" data-end=\"1858\">Your complaint to the <strong data-start=\"1762\" data-end=\"1785\"><a rel=\"noopener\" data-start=\"1764\" data-end=\"1783\">info@selfiepoint.hu<\/a><\/strong> by sending an e-mail to. We will respond to complaints in writing within 30 days.<\/p>\n<h3 data-start=\"1860\" data-end=\"1888\">8. Other provisions<\/h3>\n<p data-start=\"1889\" data-end=\"2079\">The GTC shall be governed by Hungarian law. In the event of any dispute, the parties shall prefer to reach an amicable settlement, failing which the consumer may apply to the conciliation body of his\/her place of residence.<strong data-start=\"137\" data-end=\"179\" style=\"font-style: inherit;\">General Terms and Conditions (GTC)<\/strong><\/p><p data-start=\"137\" data-end=\"210\">\nEffective: from 12 May 2025<\/p>\n<hr data-start=\"212\" data-end=\"215\">\n<p data-start=\"217\" data-end=\"466\"><strong data-start=\"217\" data-end=\"232\">Operator:<\/strong><br data-start=\"232\" data-end=\"235\">\nCompany name: JOC PRINT Korl\u00e1tolt Felel\u0151ss\u00e9g\u0171 T\u00e1rsas\u00e1g<br data-start=\"283\" data-end=\"286\">\nHead office: 1161 Budapest, J\u00f3zsef utca 61.<br data-start=\"326\" data-end=\"329\">\nCompany registration number: 01 09 376306<br data-start=\"357\" data-end=\"360\">\nTax number: 28922750-2-42<br data-start=\"382\" data-end=\"385\">\nE-mail: <a data-start=\"393\" data-end=\"412\" rel=\"noopener\">info@selfiepoint.hu<\/a><br data-start=\"412\" data-end=\"415\">\nPhone number: +36 XX XXX XXXX (please complete)<\/p>\n<hr data-start=\"468\" data-end=\"471\">\n<h3 data-start=\"473\" data-end=\"500\">1. Subject of the contract<\/h3>\n<p data-start=\"501\" data-end=\"598\">These Terms and Conditions apply to purchases made in the Selfie Point online store.<\/p>\n<hr data-start=\"600\" data-end=\"603\">\n<h3 data-start=\"605\" data-end=\"630\">2. Products and prices<\/h3>\n<p data-start=\"631\" data-end=\"781\">The products displayed in the webshop can be ordered online at the gross prices indicated. Prices are in Hungarian forints and include VAT.<\/p>\n<hr data-start=\"783\" data-end=\"786\">\n<h3 data-start=\"788\" data-end=\"815\">3. Ordering process<\/h3>\n<p data-start=\"816\" data-end=\"1011\">By sending the order, the customer declares that he accepts these GTC.<br data-start=\"895\" data-end=\"898\">\nOrders are placed electronically, with confirmation by e-mail.<br data-start=\"964\" data-end=\"967\">\nThe order is subject to payment.<\/p>\n<hr data-start=\"1013\" data-end=\"1016\">\n<h3 data-start=\"1018\" data-end=\"1041\">4. Payment methods<\/h3>\n<p data-start=\"1042\" data-end=\"1104\">The customer can choose from the following payment options:<\/p>\n<ul data-start=\"1105\" data-end=\"1211\">\n<li data-start=\"1105\" data-end=\"1194\">\n<p data-start=\"1107\" data-end=\"1194\">Online credit card payment via Stripe (with Google Pay and Apple Pay support)<\/p>\n<\/li>\n<li data-start=\"1195\" data-end=\"1211\">\n<p data-start=\"1197\" data-end=\"1211\">Advance payment<\/p>\n<\/li>\n<\/ul>\n<p data-start=\"1213\" data-end=\"1486\">Online payment by credit card is done securely on Stripe. The seller does not store or process credit card details in any form. Payment is PCI DSS compliant. You can find Stripe's privacy policy here: <a data-start=\"1460\" data-end=\"1486\" rel=\"noopener\" target=\"_new\" href=\"https:\/\/stripe.com\/privacy\">https:\/\/stripe.com\/privacy<\/a><\/p>\n<hr data-start=\"1488\" data-end=\"1491\">\n<h3 data-start=\"1493\" data-end=\"1531\">5. Delivery methods and costs<\/h3>\n<p data-start=\"1532\" data-end=\"1602\">The products ordered will be delivered to the customer in the following ways:<\/p>\n<ul data-start=\"1603\" data-end=\"1740\">\n<li data-start=\"1603\" data-end=\"1630\">\n<p data-start=\"1605\" data-end=\"1630\">GLS XXL home delivery<\/p>\n<\/li>\n<li data-start=\"1631\" data-end=\"1670\">\n<p data-start=\"1633\" data-end=\"1670\">MPL home delivery<\/p>\n<\/li>\n<li data-start=\"1671\" data-end=\"1740\">\n<p data-start=\"1673\" data-end=\"1740\">Personal collection at our premises&nbsp;<\/p>\n<\/li>\n<\/ul>\n<p data-start=\"1742\" data-end=\"1840\">The delivery charge is the customer's cost and will be indicated when the order is finalised.<\/p>\n<hr data-start=\"1842\" data-end=\"1845\">\n<h3 data-start=\"1847\" data-end=\"1868\">6. Right of withdrawal<\/h3>\n<p data-start=\"1869\" data-end=\"2362\">The customer has the right to withdraw from the contract without giving any reason within 14 days of receipt of the product.<br data-start=\"1971\" data-end=\"1974\">\nThe customer must give notice in writing (e.g. by e-mail: <a data-start=\"2036\" data-end=\"2055\" rel=\"noopener\">info@selfiepoint.hu<\/a>) must indicate.<br data-start=\"2227\" data-end=\"2230\">\nThe cost of returning the product is the responsibility of the buyer.<br data-start=\"2284\" data-end=\"2287\">\nThe returned product must be returned in its original, undamaged condition.<\/p>\n<hr data-start=\"2364\" data-end=\"2367\">\n<h3 data-start=\"2369\" data-end=\"2407\">7. Warranty and guarantee<\/h3>\n<p data-start=\"2408\" data-end=\"2808\">The purchaser is entitled to the rights of warranty under the Civil Code.<br data-start=\"2488\" data-end=\"2491\">\nIf the product is defective, the buyer is entitled to have the defect repaired, replaced, discounted or withdrawn under the conditions laid down by law.<br data-start=\"2636\" data-end=\"2639\">\nIn the case of a warranty claim, the defect must be reported to the seller on the basis of the warranty ticket or invoice.<br data-start=\"2727\" data-end=\"2730\">\nThe warranty period and conditions are specified in the product description.<\/p>\n<hr data-start=\"2810\" data-end=\"2813\">\n<h3 data-start=\"2815\" data-end=\"2837\">8. Handling complaints<\/h3>\n<p data-start=\"2838\" data-end=\"3069\">Your complaint to the <a data-start=\"2850\" data-end=\"2869\" rel=\"noopener\">info@selfiepoint.hu<\/a> by e-mail or by post to the address of the head office.<br data-start=\"2927\" data-end=\"2930\">\nWe will respond in writing within 30 days of receiving your complaint.<br data-start=\"3000\" data-end=\"3003\">\nDetails of the complaints procedure are available on request.<\/p>\n<hr data-start=\"3071\" data-end=\"3074\">\n<h3 data-start=\"3076\" data-end=\"3104\">9. Other provisions<\/h3>\n<p data-start=\"3105\" data-end=\"3588\">These GTC are governed by Hungarian law.<br data-start=\"3144\" data-end=\"3147\">\nIn the event of a dispute, the parties will seek an amicable settlement as a matter of priority. Failing this, the consumer may apply to the conciliation body in his place of residence.<br data-start=\"3307\" data-end=\"3310\">\nThe Buyer consents to the Seller communicating with the Buyer electronically (by e-mail) regarding the order and delivery.<br data-start=\"3447\" data-end=\"3450\">\nContact details of the conciliation body:<br data-start=\"3484\" data-end=\"3487\">\nNational Consumer Protection Authority<br data-start=\"3519\" data-end=\"3522\">\nWebsite: <a data-start=\"3532\" data-end=\"3550\" rel=\"noopener\" target=\"_new\" href=\"https:\/\/www.nfh.hu\">https:\/\/www.nfh.hu<\/a><br data-start=\"3550\" data-end=\"3553\">\nAddress: 1088 Budapest, J\u00f3zsef k\u00f6r\u00fat 6.<\/p>\t\t\t\t\t\t\t\t<\/div>\n\t\t\t\t<\/div>\n\t\t\t\t\t<\/div>\n\t\t\t\t<\/div>\n\t\t\t\t<\/div>","protected":false},"excerpt":{"rendered":"<p>\u00c1ltal\u00e1nos szerz\u0151d\u00e9si felt\u00e9telek Hat\u00e1lyos: 2025. m\u00e1jus 12-t\u0151l \u00dczemeltet\u0151:C\u00e9gn\u00e9v: JOC PRINT Korl\u00e1tolt Felel\u0151ss\u00e9g\u0171 T\u00e1rsas\u00e1gSz\u00e9khely: 1161 Budapest, J\u00f3zsef utca 61.C\u00e9gjegyz\u00e9ksz\u00e1m: 01 09 376306Ad\u00f3sz\u00e1m: 28922750-2-42E-mail: info@selfiepoint.huTelefonsz\u00e1m: +36 XX XXX XXXX (p\u00f3told be, ha van nyilv\u00e1nos telefonsz\u00e1mod) 1. A szerz\u0151d\u00e9s t\u00e1rgya A jelen \u00c1ltal\u00e1nos Szerz\u0151d\u00e9si Felt\u00e9telek a Selfie Point web\u00e1ruh\u00e1zban t\u00f6rt\u00e9n\u0151 v\u00e1s\u00e1rl\u00e1sra vonatkoznak. 2. Term\u00e9kek \u00e9s \u00e1rak A web\u00e1ruh\u00e1zban megjelen\u00edtett term\u00e9kek megrendelhet\u0151k online, a felt\u00fcntetett brutt\u00f3 \u00e1rakon. Az \u00e1rak magyar forintban \u00e9rtend\u0151k, az \u00c1FA-t tartalmazz\u00e1k. 3. Megrendel\u00e9s menete A megrendel\u00e9s elk\u00fcld\u00e9s\u00e9vel a v\u00e1s\u00e1rl\u00f3 kijelenti, hogy elfogadja a jelen \u00c1SZF-et. A rendel\u00e9s elektronikus \u00faton t\u00f6rt\u00e9nik, e-mailes visszaigazol\u00e1ssal. A megrendel\u00e9s fizet\u00e9si k\u00f6telezetts\u00e9ggel j\u00e1r. 4. Fizet\u00e9si m\u00f3dok A v\u00e1s\u00e1rl\u00f3 a k\u00f6vetkez\u0151 fizet\u00e9si lehet\u0151s\u00e9gek k\u00f6z\u00fcl v\u00e1laszthat: Online bankk\u00e1rty\u00e1s fizet\u00e9s Stripe-on kereszt\u00fcl El\u0151re utal\u00e1s Az online bankk\u00e1rty\u00e1s fizet\u00e9s a Stripe biztons\u00e1gos oldal\u00e1n t\u00f6rt\u00e9nik. Az elad\u00f3 a bankk\u00e1rtya-adatokat semmilyen form\u00e1ban nem t\u00e1rolja. 5. El\u00e1ll\u00e1si jog A v\u00e1s\u00e1rl\u00f3t a term\u00e9k k\u00e9zhezv\u00e9tel\u00e9t\u0151l sz\u00e1m\u00edtott 14 napon bel\u00fcl indokl\u00e1s n\u00e9lk\u00fcli el\u00e1ll\u00e1si jog illeti meg.A term\u00e9k visszak\u00fcld\u00e9s\u00e9nek k\u00f6lts\u00e9ge a v\u00e1s\u00e1rl\u00f3t terheli. 6. Kell\u00e9kszavatoss\u00e1g, j\u00f3t\u00e1ll\u00e1s A v\u00e1s\u00e1rl\u00f3t a Polg\u00e1ri T\u00f6rv\u00e9nyk\u00f6nyv alapj\u00e1n megilletik a kell\u00e9kszavatoss\u00e1gi jogok. 7. Panaszkezel\u00e9s Panasz\u00e1t az info@selfiepoint.hu e-mail c\u00edmen jelezheti. A panaszokra 30 napon bel\u00fcl \u00edr\u00e1sban v\u00e1laszolunk. 8. Egy\u00e9b rendelkez\u00e9sek Az \u00c1SZF-re a magyar jog ir\u00e1nyad\u00f3. Az esetleges jogvit\u00e1kban a felek a b\u00e9k\u00e9s megegyez\u00e9st r\u00e9szes\u00edtik el\u0151nyben, ennek hi\u00e1ny\u00e1ban a fogyaszt\u00f3 lak\u00f3helye szerinti b\u00e9k\u00e9ltet\u0151 test\u00fclethez is fordulhat.\u00c1ltal\u00e1nos Szerz\u0151d\u00e9si Felt\u00e9telek (\u00c1SZF) Hat\u00e1lyos: 2025. m\u00e1jus 12-t\u0151l \u00dczemeltet\u0151: C\u00e9gn\u00e9v: JOC PRINT Korl\u00e1tolt Felel\u0151ss\u00e9g\u0171 T\u00e1rsas\u00e1g Sz\u00e9khely: 1161 Budapest, J\u00f3zsef utca 61. C\u00e9gjegyz\u00e9ksz\u00e1m: 01 09 376306 Ad\u00f3sz\u00e1m: 28922750-2-42 E-mail: info@selfiepoint.hu Telefonsz\u00e1m: +36 XX XXX XXXX (k\u00e9rj\u00fck, eg\u00e9sz\u00edtsd ki) 1. A szerz\u0151d\u00e9s t\u00e1rgya Jelen \u00c1ltal\u00e1nos Szerz\u0151d\u00e9si Felt\u00e9telek a Selfie Point web\u00e1ruh\u00e1zban t\u00f6rt\u00e9n\u0151 v\u00e1s\u00e1rl\u00e1sra vonatkoznak. 2. Term\u00e9kek \u00e9s \u00e1rak A web\u00e1ruh\u00e1zban megjelen\u00edtett term\u00e9kek megrendelhet\u0151k online, a felt\u00fcntetett brutt\u00f3 \u00e1rakon. Az \u00e1rak magyar forintban \u00e9rtend\u0151k \u00e9s tartalmazz\u00e1k az \u00c1FA-t. 3. Megrendel\u00e9s menete A megrendel\u00e9s elk\u00fcld\u00e9s\u00e9vel a v\u00e1s\u00e1rl\u00f3 kijelenti, hogy elfogadja a jelen \u00c1SZF-et. A rendel\u00e9s elektronikus \u00faton t\u00f6rt\u00e9nik, e-mailes visszaigazol\u00e1ssal. A megrendel\u00e9s fizet\u00e9si k\u00f6telezetts\u00e9ggel j\u00e1r. 4. Fizet\u00e9si m\u00f3dok A v\u00e1s\u00e1rl\u00f3 a k\u00f6vetkez\u0151 fizet\u00e9si lehet\u0151s\u00e9gek k\u00f6z\u00fcl v\u00e1laszthat: Online bankk\u00e1rty\u00e1s fizet\u00e9s Stripe-on kereszt\u00fcl (Google Pay \u00e9s Apple Pay t\u00e1mogat\u00e1ssal) El\u0151re utal\u00e1s Az online bankk\u00e1rty\u00e1s fizet\u00e9s a Stripe biztons\u00e1gos oldal\u00e1n t\u00f6rt\u00e9nik. Az elad\u00f3 a bankk\u00e1rtya-adatokat semmilyen form\u00e1ban nem t\u00e1rolja vagy kezeli. A fizet\u00e9s megfelel a PCI DSS biztons\u00e1gi el\u0151\u00edr\u00e1soknak. A Stripe adatv\u00e9delmi t\u00e1j\u00e9koztat\u00f3j\u00e1t itt tal\u00e1lja: https:\/\/stripe.com\/privacy 5. Sz\u00e1ll\u00edt\u00e1si m\u00f3dok \u00e9s k\u00f6lts\u00e9gek A megrendelt term\u00e9keket az al\u00e1bbi m\u00f3dokon juttatjuk el a v\u00e1s\u00e1rl\u00f3hoz: GLS XXL h\u00e1zhozsz\u00e1ll\u00edt\u00e1s MPL h\u00e1zhozsz\u00e1ll\u00edt\u00e1s Szem\u00e9lyes \u00e1tv\u00e9tel telephely\u00fcnk\u00f6n&nbsp; A sz\u00e1ll\u00edt\u00e1si d\u00edj a v\u00e1s\u00e1rl\u00f3 k\u00f6lts\u00e9g\u00e9t k\u00e9pezi, mely a rendel\u00e9s v\u00e9gleges\u00edt\u00e9sekor ker\u00fcl felt\u00fcntet\u00e9sre. 6. El\u00e1ll\u00e1si jog A v\u00e1s\u00e1rl\u00f3t a term\u00e9k k\u00e9zhezv\u00e9tel\u00e9t\u0151l sz\u00e1m\u00edtott 14 napon bel\u00fcl indokl\u00e1s n\u00e9lk\u00fcli el\u00e1ll\u00e1si jog illeti meg. Az el\u00e1ll\u00e1si sz\u00e1nd\u00e9kot a v\u00e1s\u00e1rl\u00f3nak \u00edr\u00e1sban (p\u00e9ld\u00e1ul e-mailen: info@selfiepoint.hu) kell jeleznie. A term\u00e9k visszak\u00fcld\u00e9s\u00e9nek k\u00f6lts\u00e9ge a v\u00e1s\u00e1rl\u00f3t terheli. A visszak\u00fcld\u00f6tt term\u00e9ket eredeti, s\u00e9rtetlen \u00e1llapotban kell visszajuttatni. 7. Kell\u00e9kszavatoss\u00e1g \u00e9s j\u00f3t\u00e1ll\u00e1s A v\u00e1s\u00e1rl\u00f3t a Polg\u00e1ri T\u00f6rv\u00e9nyk\u00f6nyv alapj\u00e1n megilletik a kell\u00e9kszavatoss\u00e1gi jogok. Ha a term\u00e9k hib\u00e1s, a v\u00e1s\u00e1rl\u00f3 jogosult a hiba kijav\u00edt\u00e1s\u00e1ra, cser\u00e9re, \u00e1rlesz\u00e1ll\u00edt\u00e1sra vagy el\u00e1ll\u00e1sra a t\u00f6rv\u00e9nyben meghat\u00e1rozott felt\u00e9telek szerint. J\u00f3t\u00e1ll\u00e1s eset\u00e9n a j\u00f3t\u00e1ll\u00e1si jegy vagy sz\u00e1mla alapj\u00e1n a hib\u00e1t jelezni kell az elad\u00f3 fel\u00e9. A j\u00f3t\u00e1ll\u00e1si id\u0151tartam \u00e9s felt\u00e9telek a term\u00e9kle\u00edr\u00e1sban ker\u00fclnek meghat\u00e1roz\u00e1sra. 8. Panaszkezel\u00e9s Panasz\u00e1t az info@selfiepoint.hu e-mail c\u00edmen vagy postai \u00faton a sz\u00e9khely c\u00edm\u00e9re k\u00fcldheti. A panasz be\u00e9rkez\u00e9s\u00e9t\u0151l sz\u00e1m\u00edtott 30 napon bel\u00fcl \u00edr\u00e1sban v\u00e1laszt adunk. A panaszkezel\u00e9si elj\u00e1r\u00e1s r\u00e9szleteir\u0151l k\u00e9r\u00e9sre t\u00e1j\u00e9koztat\u00e1st adunk. 9. Egy\u00e9b rendelkez\u00e9sek Jelen \u00c1SZF-re a magyar jog az ir\u00e1nyad\u00f3. Az esetleges jogvit\u00e1k eset\u00e9n a felek els\u0151dlegesen a b\u00e9k\u00e9s megegyez\u00e9st keresik. Ennek hi\u00e1ny\u00e1ban a fogyaszt\u00f3 a lak\u00f3helye szerinti b\u00e9k\u00e9ltet\u0151 test\u00fclethez fordulhat. A v\u00e1s\u00e1rl\u00f3 hozz\u00e1j\u00e1rul, hogy az elad\u00f3 a megrendel\u00e9ssel \u00e9s a sz\u00e1ll\u00edt\u00e1ssal kapcsolatos kommunik\u00e1ci\u00f3t elektronikus \u00faton (e-mailben) folytassa. A b\u00e9k\u00e9ltet\u0151 test\u00fclet el\u00e9rhet\u0151s\u00e9ge: Nemzeti Fogyaszt\u00f3v\u00e9delmi Hat\u00f3s\u00e1g Weboldal: https:\/\/www.nfh.hu C\u00edm: 1088 Budapest, J\u00f3zsef k\u00f6r\u00fat 6.<\/p>","protected":false},"author":1,"featured_media":0,"parent":0,"menu_order":0,"comment_status":"closed","ping_status":"closed","template":"","meta":{"site-sidebar-layout":"default","site-content-layout":"","ast-site-content-layout":"default","site-content-style":"default","site-sidebar-style":"default","ast-global-header-display":"","ast-banner-title-visibility":"","ast-main-header-display":"","ast-hfb-above-header-display":"","ast-hfb-below-header-display":"","ast-hfb-mobile-header-display":"","site-post-title":"disabled","ast-breadcrumbs-content":"","ast-featured-img":"","footer-sml-layout":"","theme-transparent-header-meta":"","adv-header-id-meta":"","stick-header-meta":"","header-above-stick-meta":"","header-main-stick-meta":"","header-below-stick-meta":"","astra-migrate-meta-layouts":"set","ast-page-background-enabled":"default","ast-page-background-meta":{"desktop":{"background-color":"","background-image":"","background-repeat":"repeat","background-position":"center center","background-size":"auto","background-attachment":"scroll","background-type":"","background-media":"","overlay-type":"","overlay-color":"","overlay-opacity":"","overlay-gradient":""},"tablet":{"background-color":"","background-image":"","background-repeat":"repeat","background-position":"center center","background-size":"auto","background-attachment":"scroll","background-type":"","background-media":"","overlay-type":"","overlay-color":"","overlay-opacity":"","overlay-gradient":""},"mobile":{"background-color":"","background-image":"","background-repeat":"repeat","background-position":"center center","background-size":"auto","background-attachment":"scroll","background-type":"","background-media":"","overlay-type":"","overlay-color":"","overlay-opacity":"","overlay-gradient":""}},"ast-content-background-meta":{"desktop":{"background-color":"var(--ast-global-color-5)","background-image":"","background-repeat":"repeat","background-position":"center center","background-size":"auto","background-attachment":"scroll","background-type":"","background-media":"","overlay-type":"","overlay-color":"","overlay-opacity":"","overlay-gradient":""},"tablet":{"background-color":"var(--ast-global-color-5)","background-image":"","background-repeat":"repeat","background-position":"center center","background-size":"auto","background-attachment":"scroll","background-type":"","background-media":"","overlay-type":"","overlay-color":"","overlay-opacity":"","overlay-gradient":""},"mobile":{"background-color":"var(--ast-global-color-5)","background-image":"","background-repeat":"repeat","background-position":"center center","background-size":"auto","background-attachment":"scroll","background-type":"","background-media":"","overlay-type":"","overlay-color":"","overlay-opacity":"","overlay-gradient":""}},"footnotes":""},"class_list":["post-10","page","type-page","status-publish","hentry"],"_links":{"self":[{"href":"https:\/\/www.selfiepoint.hu\/en\/wp-json\/wp\/v2\/pages\/10","targetHints":{"allow":["GET"]}}],"collection":[{"href":"https:\/\/www.selfiepoint.hu\/en\/wp-json\/wp\/v2\/pages"}],"about":[{"href":"https:\/\/www.selfiepoint.hu\/en\/wp-json\/wp\/v2\/types\/page"}],"author":[{"embeddable":true,"href":"https:\/\/www.selfiepoint.hu\/en\/wp-json\/wp\/v2\/users\/1"}],"replies":[{"embeddable":true,"href":"https:\/\/www.selfiepoint.hu\/en\/wp-json\/wp\/v2\/comments?post=10"}],"version-history":[{"count":11,"href":"https:\/\/www.selfiepoint.hu\/en\/wp-json\/wp\/v2\/pages\/10\/revisions"}],"predecessor-version":[{"id":5177,"href":"https:\/\/www.selfiepoint.hu\/en\/wp-json\/wp\/v2\/pages\/10\/revisions\/5177"}],"wp:attachment":[{"href":"https:\/\/www.selfiepoint.hu\/en\/wp-json\/wp\/v2\/media?parent=10"}],"curies":[{"name":"wp","href":"https:\/\/api.w.org\/{rel}","templated":true}]}}